{"id":9270,"date":"2019-05-14T10:07:08","date_gmt":"2019-05-14T10:07:08","guid":{"rendered":"http:\/\/www.cassana-inmobiliaria.com\/?page_id=9270"},"modified":"2019-05-24T09:24:58","modified_gmt":"2019-05-24T09:24:58","slug":"nosotros","status":"publish","type":"page","link":"https:\/\/www.cassana-inmobiliaria.com\/ca\/nosotros\/","title":{"rendered":"Nosaltres"},"content":{"rendered":"<div class=\"wpb-content-wrapper\"><p>[vc_row full_width=&#8221;stretch_row_content_no_spaces&#8221; css=&#8221;.vc_custom_1557822277164{background-position: center !important;background-repeat: no-repeat !important;background-size: contain !important;}&#8221;][vc_column][vc_single_image image=&#8221;9266&#8243; img_size=&#8221;full&#8221; alignment=&#8221;center&#8221;][\/vc_column][\/vc_row][vc_row css=&#8221;.vc_custom_1553165633050{margin-top: 0px !important;padding-top: 90px !important;}&#8221;][vc_column width=&#8221;1\/12&#8243;][vc_single_image image=&#8221;9035&#8243;][\/vc_column][vc_column width=&#8221;5\/12&#8243;][vc_column_text]<\/p>\n<h3 style=\"color: #e20076; font-weight: 400;\">Especialistes en lloguer des de fa 15 anys<\/h3>\n<p>Despr\u00e9s d&#8217;una llarga traject\u00f2ria com a promotors immobiliaris, la nostra empresa va iniciar amb el nou segle una estrat\u00e8gia basada en la construcci\u00f3 d&#8217;habitatges destinats al lloguer. S\u00f3n immobles que responen al nou estil que hui \u00e9s tend\u00e8ncia a tot el m\u00f3n. L&#8217;experi\u00e8ncia d&#8217;una gesti\u00f3 excel\u00b7lent de les nostres propietats ens va permetre generar protocols per a gestionar amb total garantia propietats alienes, treball en el qual ens hem centrat aquesta \u00faltima d\u00e8cada. En uns casos treballem nom\u00e9s la comercialitzaci\u00f3 d&#8217;habitatges i en altres casos som gestors integrals.[\/vc_column_text][\/vc_column][vc_column width=&#8221;1\/12&#8243;][vc_single_image image=&#8221;9036&#8243;][\/vc_column][vc_column width=&#8221;5\/12&#8243;][vc_column_text]<\/p>\n<h3 style=\"color: #e20076; font-weight: 400;\">Des de grans empreses inversores a xicotets estalviadors<\/h3>\n<p>La nostra cartera \u00e9s tremendament variada. En ella es troben les propietats de la mateixa empresa juntament amb immobles de particulars i de grans grups d&#8217;inversi\u00f3. Gestionem 300 habitatges de CaixaBank, tant en renda lliure com en lloguer social. Treballem amb persones que, per q\u00fcestions laborals, deixen la seua casa habitual en propietat i volen disposar d&#8217;uns ingressos fixos. I ens ocupem tamb\u00e9 que aqueixos habitatges que en les quals van invertir alguns xicotets estalviadors siguen actius capa\u00e7os de multiplicar el seu valor..[\/vc_column_text][\/vc_column][\/vc_row][vc_row css=&#8221;.vc_custom_1553165669456{margin-top: 0px !important;padding-top: 45px !important;}&#8221;][vc_column width=&#8221;1\/12&#8243;][vc_single_image image=&#8221;9038&#8243;][\/vc_column][vc_column width=&#8221;5\/12&#8243;][vc_column_text]<\/p>\n<h3 style=\"color: #e20076; font-weight: 400;\">Treballem a la Comunitat Valenciana<\/h3>\n<p>La majoria dels b\u00e9ns que gestionem es troben a les ciutats de Val\u00e8ncia, Castell\u00f3 i Alacant, per\u00f2 tamb\u00e9 tenim propietats al nostre c\u00e0rrec en la resta de la Comunitat Valenciana. El coneixement que tenim del mercat del lloguer residencial, la nostra llarga experi\u00e8ncia en el territori i el fet de tindre un espai geogr\u00e0fic tan fitat, ens permet <strong>aconsellar amb precisi\u00f3<\/strong> a propietaris, <strong>satisfer als inquilins<\/strong> i <strong>avan\u00e7ar-nos a les necessitats<\/strong> del mercat actual.[\/vc_column_text][\/vc_column][vc_column width=&#8221;1\/12&#8243;][vc_single_image image=&#8221;9037&#8243;][\/vc_column][vc_column width=&#8221;5\/12&#8243;][vc_column_text]<\/p>\n<h3 style=\"color: #e20076; font-weight: 400;\">Treballant per a assegurar relacions de llarg termini<\/h3>\n<p>Encara que ens ocupem de lloguers d&#8217;habitatges, en Cassana sabem que el material fonamental amb el qual treballem i el que hem de fomentar \u00e9s la confian\u00e7a entre persones. Per aix\u00f2 tenim una cura exquisida en les relacions per part d&#8217;arrendataris i arrendadors. Busquem entre els inquilins aquells que presenten el perfil financer adequat i assegurem tamb\u00e9 que els propietaris coneixen tant els seus drets com les seues obligacions. Amb transpar\u00e8ncia m\u00e0xima, sabem que les relacions es prolonguen en el temps i generen relacions en les quals tots els implicats guanyen.[\/vc_column_text][\/vc_column][\/vc_row][vc_row css=&#8221;.vc_custom_1551277521587{margin-top: 90px !important;}&#8221;][vc_column][vc_raw_html]JTNDZGl2JTIwY2xhc3MlM0QlMjJ0aXR1bG9fcGFnaW5hX2ludCUyMiUzRSUwQSUwOSUwOSUwOSUzQ2gxJTIwY2xhc3MlM0QlMjJ0aXR1bGFyX3BhZ2luYV9zaW4lMjIlM0VDcmVpZW0lMjBlbiUyMGxlcyUyMHBlcnNvbmVzJTNDJTJGaDElM0UlMEElMDklMDklM0MlMkZkaXYlM0U=[\/vc_raw_html][g5plus_space desktop=&#8221;90&#8243; tablet=&#8221;70&#8243; tablet_portrait=&#8221;60&#8243; mobile_landscape=&#8221;50&#8243; mobile=&#8221;40&#8243;][vc_column_text]<\/p>\n<p style=\"font-family: Georgia,Times,Times New Roman,serif; font-size: 20px; line-height: 27px; text-align: center;\">Per a aconseguir relacions satisfact\u00f2ries i duradores entre propietaris i inquilins, comptem amb un equip comprom\u00e9s amb els valors de Cassana. Un grup format per professionals en constant formaci\u00f3 que porten anys desenvolupant al nostre costat una labor en la qual <strong>l&#8217;empatia i l&#8217;escolta<\/strong> es converteixen en elements de valor comercial fonamental.<\/p>\n<p>[\/vc_column_text][\/vc_column][\/vc_row][vc_row css=&#8221;.vc_custom_1551277521587{margin-top: 90px !important;}&#8221;][vc_column][vc_raw_html]JTNDZGl2JTIwY2xhc3MlM0QlMjJ0aXR1bG9fcGFnaW5hX2ludCUyMiUzRSUwQSUwOSUwOSUwOSUzQ2gxJTIwY2xhc3MlM0QlMjJ0aXR1bGFyX3BhZ2luYSUyMiUzRUVsJTIwbm9zdHJlJTIwZXF1aXAlM0MlMkZoMSUzRSUwQSUwOSUwOSUzQyUyRmRpdiUzRQ==[\/vc_raw_html][g5plus_space desktop=&#8221;90&#8243; tablet=&#8221;70&#8243; tablet_portrait=&#8221;60&#8243; mobile_landscape=&#8221;50&#8243; mobile=&#8221;40&#8243;][\/vc_column][\/vc_row][vc_row css=&#8221;.vc_custom_1553169297880{padding-bottom: 90px !important;}&#8221;][vc_column width=&#8221;1\/5&#8243;][vc_single_image image=&#8221;9076&#8243; img_size=&#8221;full&#8221; alignment=&#8221;center&#8221;][vc_empty_space height=&#8221;25px&#8221;][vc_column_text]<\/p>\n<h3 style=\"color: #e20076; font-weight: 400; margin-bottom: 5px; font-size: 22px;\">Arnau Sena<\/h3>\n<p style=\"font-size: 14px;\">Gerent<\/p>\n<p>El seu treball com a responsable directe de Cassana ha fet que l&#8217;empresa siga una refer\u00e8ncia en el mercat immobiliari de la regi\u00f3. El seu secret? La professionalitat i la seua capacitat per a definir amb precisi\u00f3 els protocols de treball. Tot aix\u00f2 en un moment en el qual encara hi havia molt poques empreses interessades en el lloguer. Reporta directament al Consell d&#8217;Administraci\u00f3 de la companyia i \u00e9s el responsable de fer realitat el pla estrat\u00e8gic d&#8217;aquesta.[\/vc_column_text][\/vc_column][vc_column width=&#8221;1\/5&#8243;][vc_single_image image=&#8221;9079&#8243; img_size=&#8221;full&#8221; alignment=&#8221;center&#8221;][vc_empty_space height=&#8221;25px&#8221;][vc_column_text]<\/p>\n<h3 style=\"color: #e20076; font-weight: 400; margin-bottom: 5px; font-size: 22px;\">Estela Mart\u00edn<\/h3>\n<p style=\"font-size: 14px;\">Gestora immobili\u00e0ria<\/p>\n<p>Pel seu car\u00e0cter actiu i inquiet, a Estela li entusiasma saber que cada jornada ser\u00e0 diferent. \u00c9s igual que haja passat una d\u00e8cada en Cassana: cada dia li porta l&#8217;alegria de con\u00e9ixer nous rostres, noves il\u00b7lusions i noves llars\u2026 encara que a vegades tamb\u00e9 hi haja tamb\u00e9 imprevistos que resoldre. Despr\u00e9s d&#8217;haver gestionat les vendes internacionals en una gran empresa, sent que treballar directament amb persones \u00e9s un regal diari.[\/vc_column_text][\/vc_column][vc_column width=&#8221;1\/5&#8243;][vc_single_image image=&#8221;9078&#8243; img_size=&#8221;full&#8221; alignment=&#8221;center&#8221;][vc_empty_space height=&#8221;25px&#8221;][vc_column_text]<\/p>\n<h3 style=\"color: #e20076; font-weight: 400; margin-bottom: 5px; font-size: 22px;\">Aroa Pinilla<\/h3>\n<p style=\"font-size: 14px;\">Gestora immobili\u00e0ria<\/p>\n<p>Aquesta dona optimista ha realitzat un bell descobriment en els seus anys d&#8217;experi\u00e8ncia amb Cassana: el poder que t\u00e9 en la seua capacitat d&#8217;escolta. Atendre una persona, con\u00e9ixer els seus problemes i compartir les il\u00b7lusions que naixen amb cada una nova llar li han perm\u00e9s desenvolupar un sis\u00e9 sentit. I gaudeix veient que pot fer que les relacions comercials siguen f\u00e0cils i fluides. Encara que, a vegades, es porte els problemes aliens a casa![\/vc_column_text][\/vc_column][vc_column width=&#8221;1\/5&#8243;][vc_single_image image=&#8221;9077&#8243; img_size=&#8221;full&#8221; alignment=&#8221;center&#8221;][vc_empty_space height=&#8221;25px&#8221;][vc_column_text]<\/p>\n<h3 style=\"color: #e20076; font-weight: 400; margin-bottom: 5px; font-size: 22px;\">Khali Namkhai<\/h3>\n<p style=\"font-size: 14px;\">Atenci\u00f3 al client<\/p>\n<p>Va arribar per a completar els seus estudis empresarials i ac\u00ed es va quedar, en descobrir la import\u00e0ncia d&#8217;atendre personalment potencials clients. Per a ella, contestar consultes per escrit o atendre el tel\u00e8fon s\u00f3n elements clau en aix\u00f2 que va aprendre en la facultat: el valor de l&#8217;anomenada \u201cexperi\u00e8ncia del client\u201d. Sap que nom\u00e9s existeix una oportunitat per a afermar davant el client una excel\u00b7lent primera impressi\u00f3. I ella s&#8217;ocupa que siga immillorable.[\/vc_column_text][\/vc_column][vc_column width=&#8221;1\/5&#8243;][vc_single_image image=&#8221;9080&#8243; img_size=&#8221;full&#8221; alignment=&#8221;center&#8221;][vc_empty_space height=&#8221;25px&#8221;][vc_column_text]<\/p>\n<h3 style=\"color: #e20076; font-weight: 400; margin-bottom: 5px; font-size: 22px;\">Mar\u00eda Jes\u00fas Candela<\/h3>\n<p style=\"font-size: 14px;\">Administraci\u00f3<\/p>\n<p>El seu s\u00f3n els n\u00fameros. I els papers. Aquesta treballadora implacable i meticulosa \u00e9s la que s&#8217;encarrega que no es despiste ni un sol detall i aconseguir amb aix\u00f2 que l&#8217;empresa tinga en tot moment una perfecta gesti\u00f3 fiscal, comptable i financera. Sap que la seua tasca \u00e9s dif\u00edcil de percebre i que el seu treball roman en segon pla. Per\u00f2, lluny d&#8217;importar-li, se sent c\u00f2moda en aqueix paper i gaudeix facilitant el treball de la resta de la companyia.[\/vc_column_text][\/vc_column][\/vc_row]<\/p>\n<\/div>","protected":false},"excerpt":{"rendered":"<p>[vc_row full_width=&#8221;stretch_row_content_no_spaces&#8221; css=&#8221;.vc_custom_1557822277164{background-position: center !important;background-repeat: no-repeat !important;background-size: contain !important;}&#8221;][vc_column][vc_single_image image=&#8221;9266&#8243; img_size=&#8221;full&#8221; alignment=&#8221;center&#8221;][\/vc_column][\/vc_row][vc_row css=&#8221;.vc_custom_1553165633050{margin-top: 0px !important;padding-top: 90px !important;}&#8221;][vc_column width=&#8221;1\/12&#8243;][vc_single_image image=&#8221;9035&#8243;][\/vc_column][vc_column width=&#8221;5\/12&#8243;][vc_column_text] Especialistes en lloguer des de fa 15 anys Despr\u00e9s d&#8217;una llarga traject\u00f2ria com a promotors immobiliaris, la nostra empresa va iniciar amb el nou segle una estrat\u00e8gia basada en la construcci\u00f3 d&#8217;habitatges destinats al lloguer. [&hellip;]<\/p>\n","protected":false},"author":1,"featured_media":0,"parent":0,"menu_order":0,"comment_status":"closed","ping_status":"closed","template":"","meta":{"footnotes":""},"class_list":["post-9270","page","type-page","status-publish","hentry"],"_links":{"self":[{"href":"https:\/\/www.cassana-inmobiliaria.com\/ca\/wp-json\/wp\/v2\/pages\/9270","targetHints":{"allow":["GET"]}}],"collection":[{"href":"https:\/\/www.cassana-inmobiliaria.com\/ca\/wp-json\/wp\/v2\/pages"}],"about":[{"href":"https:\/\/www.cassana-inmobiliaria.com\/ca\/wp-json\/wp\/v2\/types\/page"}],"author":[{"embeddable":true,"href":"https:\/\/www.cassana-inmobiliaria.com\/ca\/wp-json\/wp\/v2\/users\/1"}],"replies":[{"embeddable":true,"href":"https:\/\/www.cassana-inmobiliaria.com\/ca\/wp-json\/wp\/v2\/comments?post=9270"}],"version-history":[{"count":0,"href":"https:\/\/www.cassana-inmobiliaria.com\/ca\/wp-json\/wp\/v2\/pages\/9270\/revisions"}],"wp:attachment":[{"href":"https:\/\/www.cassana-inmobiliaria.com\/ca\/wp-json\/wp\/v2\/media?parent=9270"}],"curies":[{"name":"wp","href":"https:\/\/api.w.org\/{rel}","templated":true}]}}