{"id":9283,"date":"2019-05-14T14:39:30","date_gmt":"2019-05-14T14:39:30","guid":{"rendered":"http:\/\/www.cassana-inmobiliaria.com\/?page_id=9283"},"modified":"2019-07-18T09:00:13","modified_gmt":"2019-07-18T09:00:13","slug":"servicis","status":"publish","type":"page","link":"https:\/\/www.cassana-inmobiliaria.com\/ca\/servicis\/","title":{"rendered":"Servicis"},"content":{"rendered":"<div class=\"wpb-content-wrapper\"><p>[vc_row full_width=&#8221;stretch_row&#8221; css=&#8221;.vc_custom_1553173377694{padding-top: 370px !important;padding-bottom: 370px !important;background-image: url(http:\/\/www.cassana-inmobiliaria.com\/wp-content\/uploads\/2019\/03\/cassana_inmobiliaria_fondo_cabecera_servicios.jpg?id=9082) !important;background-position: center !important;background-repeat: no-repeat !important;background-size: cover !important;}&#8221;][vc_column][\/vc_column][\/vc_row][vc_row css=&#8221;.vc_custom_1563437196832{margin-top: 0px !important;padding-top: 90px !important;}&#8221;][vc_column width=&#8221;1\/12&#8243;][vc_single_image image=&#8221;9035&#8243;][\/vc_column][vc_column width=&#8221;11\/12&#8243;][vc_column_text]<\/p>\n<h3 style=\"color: #e20076; font-weight: 400;\">Mantenim productius i en forma els seus b\u00e9ns immobiliaris<\/h3>\n<p>Hi ha massa immobles tancats a la Comunitat Valenciana. S\u00f3n habitatges heretats, inversions realitzades fa anys o pisos comprats per a facilitar la independ\u00e8ncia d&#8217;uns fills que despr\u00e9s van canviar els seus plans. S\u00f3n actius d&#8217;alt inter\u00e9s que, no obstant aix\u00f2, <strong>estan perdent part del seu valor<\/strong> al no utilitzar-se o estan generant costos innecessaris perqu\u00e8 necessiten manteniment constant, encara que siga m\u00ednim.<\/p>\n<p>Els nostres serveis permeten als propietaris convertir aquests actius en <strong>b\u00e9ns productius d&#8217;alta rendibilitat<\/strong>. Treballem per a minimitzar els riscos i perqu\u00e8 les propietats, lluny de patir desperfectes, es mantinguen vives.<\/p>\n<p>Tenim dos tipus de serveis:[\/vc_column_text][\/vc_column][\/vc_row][vc_row css=&#8221;.vc_custom_1553165669456{margin-top: 0px !important;padding-top: 45px !important;}&#8221;][vc_column width=&#8221;1\/12&#8243;][vc_single_image image=&#8221;9036&#8243;][\/vc_column][vc_column width=&#8221;5\/12&#8243;][vc_column_text]<\/p>\n<h3 style=\"color: #e20076; font-weight: 400;\">Gesti\u00f3 comercial<\/h3>\n<p>Ens ocupem de la gesti\u00f3 necess\u00e0ria des que la propietat decideix posar en lloguer un habitatge fins que es realitza la signatura del contracte de lloguer i s&#8217;entreguen les claus. En aquest proc\u00e9s:<\/p>\n<p><strong>&#8211; Assessorem<\/strong> la propietat sobre la manera d&#8217;obtindre la m\u00e0xima rendibilitat d&#8217;un immoble: el seu preu de mercat, les possibles millores de l&#8217;immoble i la seua amortitzaci\u00f3 o les estrat\u00e8gies per a fer-lo m\u00e9s atractiu segons les exig\u00e8ncies contempor\u00e0nies.<\/p>\n<p><strong>&#8211; Publicitem<\/strong> l&#8217;habitatge de la manera m\u00e9s convenientment. Per a aix\u00f2, l&#8217;adeq\u00fcem i la fotografiem amb professionals de la imatge i l&#8217;anunciem tant en el seu entorn f\u00edsic com en els portals d&#8217;internet m\u00e9s freq\u00fcentats.<\/p>\n<p><strong>&#8211; Seleccionem<\/strong> als inquilins seguint un estricte protocol que assegura la seua fiabilitat financera i la seua capacitat per a mantindre una relaci\u00f3 sense alts i baixos. En aix\u00f2 influeixen tant les dades reals com la intu\u00efci\u00f3 desenvolupada en anys de professi\u00f3.<\/p>\n<p><strong>&#8211; Tanquem<\/strong> la transacci\u00f3 despr\u00e9s de redactar un contracte segur i transparent que reflectisca tots els acords als quals hagen arribat la propietat i les persones que llogaran.[\/vc_column_text][\/vc_column][vc_column width=&#8221;1\/12&#8243;][vc_single_image image=&#8221;9037&#8243;][\/vc_column][vc_column width=&#8221;5\/12&#8243;][vc_column_text]<\/p>\n<h3 style=\"color: #e20076; font-weight: 400;\">Gesti\u00f3 integral<\/h3>\n<p>Aquest servei \u00e9s la millor opci\u00f3 per a les persones que prefereixen entregar-nos les claus, oblidar-se de la seua propietat i tan sols rebre la renda mensual en el seu compte corrent. Nosaltres ens ocupem de gestionar el dia a dia de la relaci\u00f3:<\/p>\n<p><strong>&#8211; Realitzem<\/strong> la gesti\u00f3 comercial completa: assessorem sobre el preu i les condicions, publicitem l&#8217;immoble en els mitjans m\u00e9s adequats, seleccionem a l&#8217;inquil\u00ed adequat i assistim en la signatura del contracte.<\/p>\n<p><strong>&#8211; Tramitem<\/strong> les gestions b\u00e0siques. Consignem la fian\u00e7a del contracte, com \u00e9s preceptiu, davant l&#8217;administraci\u00f3. Tamb\u00e9 ens ocupem de tramitar el canvi de titularitat dels subministraments d&#8217;aigua, llum i gas al compte corrent de l&#8217;arrendatari.<\/p>\n<p><strong>&#8211; Gestionem<\/strong> la relaci\u00f3 amb els arrendataris durant la vig\u00e8ncia de l&#8217;arrendament, resolent els problemes que aquest puga plantejar o patir. Ens ocupem de reclamar el pagament de la renda en l&#8217;improbable cas de retard o impagament.<\/p>\n<p><strong>&#8211; Representem<\/strong> a la propietat davant la comunitat de propietaris a l&#8217;hora de resoldre qualsevol problema que puga ocasionar o patir l&#8217;inquil\u00ed. Ocasionalment, podem fins i tot assistir a les reunions d&#8217;aquesta comunitat.[\/vc_column_text][\/vc_column][\/vc_row][vc_row css=&#8221;.vc_custom_1551277521587{margin-top: 90px !important;}&#8221;][vc_column][vc_raw_html]JTNDZGl2JTIwY2xhc3MlM0QlMjJ0aXR1bG9fcGFnaW5hX2ludCUyMiUzRSUwQSUwOSUwOSUwOSUzQ2gxJTIwY2xhc3MlM0QlMjJ0aXR1bGFyX3BhZ2luYSUyMiUzRVByZWd1bnRlcyUyMGZyZXElQzMlQkNlbnRzJTNDJTJGaDElM0UlMEElMDklMDklM0MlMkZkaXYlM0U=[\/vc_raw_html][g5plus_space desktop=&#8221;90&#8243; tablet=&#8221;70&#8243; tablet_portrait=&#8221;60&#8243; mobile_landscape=&#8221;50&#8243; mobile=&#8221;40&#8243;][\/vc_column][\/vc_row][vc_row][vc_column][vc_column_text]<\/p>\n<h3 style=\"color: #e20076; font-weight: 400;\">Abans de llogar un pis<\/h3>\n<p>[\/vc_column_text][g5plus_space desktop=&#8221;30&#8243; tablet=&#8221;30&#8243; tablet_portrait=&#8221;30&#8243; mobile_landscape=&#8221;30&#8243; mobile=&#8221;30&#8243;][vc_toggle title=&#8221;Quins treballs i gestions realitzeu per a llogar un pis?&#8221; el_id=&#8221;1480586291680-d560f90e-5d07&#8243;]Fem una visita inicial al pis per a valorar-lo i donar la nostra opini\u00f3 professional. Una vegada acordat el preu, ens encarreguem d&#8217;enviar a un professional perqu\u00e8 fa\u00e7a un bon reportatge en fotografia i v\u00eddeo i publicitem l&#8217;immoble. Ens encarreguem de fer les visites amb totes les persones interessades i, en cas que vulguen formalitzar el lloguer, recaptem la documentaci\u00f3 que avale la seua capacitat financera. Finalment ens encarreguem de preparar un contracte de lloguer en el qual es recullen tots els aspectes acordats entre arrendador i arrendatari.[\/vc_toggle][vc_toggle title=&#8221;Quins honoraris cobra Cassana al propietari per llogar un pis?&#8221;]Cobrem una mensualitat de la renda de lloguer pactada m\u00e9s el 21% d&#8217;IVA[\/vc_toggle][vc_toggle title=&#8221;Quins treballs i gestions es realitzen abans de llogar un pis?&#8221; el_id=&#8221;1480586340050-768e6bda-0cfd&#8221;]Despr\u00e9s de fer una visita inicial al pis, ens encarreguem de publicar en internet l&#8217;anunci del pis (fem un reportatge de foto\/v\u00eddeo per un professional), ens encarreguem de fer les visites al pis amb totes les persones interessades, ens encarreguem de recaptar tota la documentaci\u00f3 de les persones interessades a llogar el pis i ens encarreguem de preparar un contracte de lloguer en el qual es recullen tots els aspectes acordats entre arrendador i arrendatari.[\/vc_toggle][g5plus_space desktop=&#8221;60&#8243; tablet=&#8221;60&#8243; tablet_portrait=&#8221;60&#8243; mobile_landscape=&#8221;60&#8243; mobile=&#8221;60&#8243;][vc_column_text]<\/p>\n<h3 style=\"color: #e20076; font-weight: 400;\">El servei integral de Cassana<\/h3>\n<p>[\/vc_column_text][g5plus_space desktop=&#8221;30&#8243; tablet=&#8221;30&#8243; tablet_portrait=&#8221;30&#8243; mobile_landscape=&#8221;30&#8243; mobile=&#8221;30&#8243;][vc_toggle title=&#8221;I si vull la gesti\u00f3 integral?&#8221;]En aqueix cas, ens ocupem de tots els detalls posteriors a la signatura del contracte: tramitem la consignaci\u00f3 de la fian\u00e7a del contracte davant l&#8217;administraci\u00f3 i tramitem la domiciliaci\u00f3 dels consums d&#8217;aigua, llum i gas al compte corrent de l&#8217;arrendatari. Al llarg de la vig\u00e8ncia del contracte, resolem els problemes que l&#8217;inquil\u00ed puga plantejar o patir, incloent la seua relaci\u00f3 amb la comunitat de propietaris, davant els qui nosaltres representem a la propietat. Per descomptat, fem la reclamaci\u00f3 inicial de pagament en cas de retard o impagament de la renda.[\/vc_toggle][vc_toggle title=&#8221;Quant costa el servei de gesti\u00f3 integral?&#8221;]\u00c9s un xicotet percentatge de la renda mensual convinguda en el contracte d&#8217;arrendament que el propietari paga al final de cada trimestre sempre que haja cobrat degudament la renda.[\/vc_toggle][g5plus_space desktop=&#8221;60&#8243; tablet=&#8221;60&#8243; tablet_portrait=&#8221;60&#8243; mobile_landscape=&#8221;60&#8243; mobile=&#8221;60&#8243;][vc_column_text]<\/p>\n<h3 style=\"color: #e20076; font-weight: 400;\">Dubtes sobre la meua propietat<\/h3>\n<p>[\/vc_column_text][g5plus_space desktop=&#8221;30&#8243; tablet=&#8221;30&#8243; tablet_portrait=&#8221;30&#8243; mobile_landscape=&#8221;30&#8243; mobile=&#8221;30&#8243;][vc_toggle title=&#8221;El meu pis no t\u00e9 els serveis (aigua, llum, gas) donats d&#8217;alta, us encarregau d&#8217;aix\u00f2 tamb\u00e9?&#8221;]S\u00ed, podem ocupar-nos de les altes d&#8217;aquests subministraments. Fins i tot podem tramitar la c\u00e8dula d&#8217;habitabilitat i \/o la llic\u00e8ncia d&#8217;ocupaci\u00f3.[\/vc_toggle][vc_toggle title=&#8221;I si l&#8217;immoble necessita millores (reforma, pintura o neteja)?&#8221;]Nosaltres t&#8217;assessorarem com abordar aqueixes millores perqu\u00e8 la inversi\u00f3 siga el m\u00e9s rendible possible. Tamb\u00e9 podem gestionar-les perqu\u00e8 tenim professionals de confian\u00e7a que podem posar al teu servei.[\/vc_toggle][vc_toggle title=&#8221;Per qu\u00e8 sou especialistes en lloguer de pisos?&#8221;]CASSANA \u00e9s una empresa familiar que lloga els seus pisos propis des de fa m\u00e9s de 15 anys: per aqueix motiu, comencem assessorant particulars l&#8217;any 2007, quan comen\u00e7ava a moure&#8217;s una mica el mercat de lloguer \u2026 A partir d&#8217;aqueix moment, hem adquirit molta experi\u00e8ncia llogant pisos de particulars, promotors immobiliaris i entitats financeres.[\/vc_toggle][g5plus_space desktop=&#8221;60&#8243; tablet=&#8221;60&#8243; tablet_portrait=&#8221;60&#8243; mobile_landscape=&#8221;60&#8243; mobile=&#8221;60&#8243;][vc_column_text]<\/p>\n<h3 style=\"color: #e20076; font-weight: 400;\">M\u00e9s enll\u00e0 del lloguer residencial<\/h3>\n<p>[\/vc_column_text][g5plus_space desktop=&#8221;30&#8243; tablet=&#8221;30&#8243; tablet_portrait=&#8221;30&#8243; mobile_landscape=&#8221;30&#8243; mobile=&#8221;30&#8243;][vc_toggle title=&#8221;A m\u00e9s de llogar pisos, tamb\u00e9 us encarregau de vendre?&#8221; el_id=&#8221;1480586340770-ea33837a-a0d3&#8243;]La nostra especialitat \u00e9s el lloguer de pisos per\u00f2 el coneixement que tenim del mercat a la regi\u00f3 i la nostra experi\u00e8ncia ens permet vendre habitatges, oficines i locals amb garanties. \u00c9s un servei que fem especialment per a propietaris que han confiat en nosaltres per al lloguer i desitgen continuar comptant amb nosaltres quan han decidit traure a la venda el seu immoble.[\/vc_toggle][vc_toggle title=&#8221;Us ocupeu de llogar pisos tur\u00edstics?&#8221;]No, no gestionem lloguer de curta estada per a turistes. Treballem nom\u00e9s amb contractes de lloguer amb una duraci\u00f3 m\u00ednima de 6 mesos (d&#8217;acord amb la Llei d&#8217;Arrendaments Urbans).[\/vc_toggle][g5plus_space desktop=&#8221;60&#8243; tablet=&#8221;60&#8243; tablet_portrait=&#8221;60&#8243; mobile_landscape=&#8221;60&#8243; mobile=&#8221;60&#8243;][vc_column_text]<\/p>\n<h3 style=\"color: #e20076; font-weight: 400;\">En general<\/h3>\n<p>[\/vc_column_text][g5plus_space desktop=&#8221;30&#8243; tablet=&#8221;30&#8243; tablet_portrait=&#8221;30&#8243; mobile_landscape=&#8221;30&#8243; mobile=&#8221;30&#8243;][vc_toggle title=&#8221;Quin import d&#8217;honoraris cobrem al propietari per llogar un pis?&#8221;]L&#8217;import dels nostres honorari \u00e9s una mensualitat de la renda de lloguer pactada m\u00e9s el 21% d&#8217;IVA corresponent.[\/vc_toggle][vc_toggle title=&#8221;Qu\u00e8 inclou la nostra gesti\u00f3 integral despr\u00e9s de la signatura del contracte de lloguer?&#8221; el_id=&#8221;1480586339836-4b09570c-c006&#8243;]Tramitar la consignaci\u00f3 de la fian\u00e7a del contracte davant Conselleria i entitat financera.<\/p>\n<p>Tramitar la domiciliaci\u00f3 dels consums d&#8217;aigua, llum i gas al compte corrent de l&#8217;arrendatari.<\/p>\n<p>Gestionar la relaci\u00f3 amb l&#8217;inquil\u00ed i resoldre tots els problemes que aquest puga plantejar durant la vig\u00e8ncia de l&#8217;arrendament (el cost de tota reparaci\u00f3 o reposici\u00f3 d&#8217;electrodom\u00e8stics ser\u00e0 assumit pel propietari).<\/p>\n<p>Relaci\u00f3 amb la comunitat de propietaris (assist\u00e8ncia a reunions de comunitat de propietaris, si \u00e9s necessari).<\/p>\n<p>Reclamaci\u00f3 inicial de pagament a l&#8217;arrendatari, en cas de retard o impagament de la renda de lloguer.[\/vc_toggle][vc_toggle title=&#8221;Quant costa el servei de gesti\u00f3 integral?&#8221; el_id=&#8221;1480586339607-fd7bd5f2-b6f0&#8243;]\u00c9s un xicotet percentatge de la renda mensual convinguda en el contracte d&#8217;arrendament.[\/vc_toggle][vc_toggle title=&#8221;Com i quan es paga el servei de gesti\u00f3 integral?&#8221; el_id=&#8221;1480586339275-1108abdb-eb77&#8243;]El pagament d&#8217;honoraris s&#8217;efectuar\u00e0 per remesa banc\u00e0ria girada al compte corrent que facilita el propietari, al final de cada trimestre i sempre que el propietari haja cobrat degudament de l&#8217;arrendatari la renda de lloguer dels 3 mesos anteriors.[\/vc_toggle][vc_toggle title=&#8221;Tinc un pis\/local per a llogar per\u00f2 no t\u00e9 els serveis (aigua, llum, gas) donats d&#8217;alta, us encarregau d&#8217;aix\u00f2 tamb\u00e9?&#8221; el_id=&#8221;1480586338602-33068ae8-bb4b&#8221;]S\u00ed, podem tramitar les altes d&#8217;aquests subministraments. Si escau, fins i tot de la c\u00e8dula d&#8217;habitabilitat\/llicencia d&#8217;ocupaci\u00f3.[\/vc_toggle][vc_toggle title=&#8221;I si l&#8217;immoble necessita algun arranjament\/reforma\/pintura\/neteja?&#8221; el_id=&#8221;1480586498861-39e5a329-37e9&#8243;]Tenim professionals de confian\u00e7a als quals us podem remetre per a aquests serveis.[\/vc_toggle][vc_toggle title=&#8221;Quina \u00e9s la zona d&#8217;actuaci\u00f3 de CASSANA ESPECIALISTES EN LLOGUER?&#8221;]La majoria dels pisos que lloguem i gestionem estan situats a la ciutat de Val\u00e8ncia i la seua \u00e0rea metropolitana.[\/vc_toggle][vc_toggle title=&#8221;A m\u00e9s de llogar pisos, tamb\u00e9 us encarregau de vendre?&#8221;]S\u00ed, encara que la nostra especialitat \u00e9s el lloguer de pisos, tamb\u00e9 tenim experi\u00e8ncia i ens dediquem a vendre habitatges, oficines i locals.[\/vc_toggle][vc_toggle title=&#8221;Feu lloguer de pisos tur\u00edstics?&#8221;]No, no gestionem lloguer de curta estada per a turistes. El contracte de lloguer tenen una duraci\u00f3 m\u00ednima de 6 mesos (d&#8217;acord amb la Llei d&#8217;Arrendaments Urbans).[\/vc_toggle][vc_toggle title=&#8221;Quin import cobrem per la gesti\u00f3 de la signatura del contracte?&#8221;]L&#8217;import \u00e9s una mensualitat m\u00e9s el 21% d&#8217;IVA corresponent.[\/vc_toggle][vc_toggle title=&#8221;Qu\u00e8 inclou la nostra gesti\u00f3?&#8221;]Tramitar la consignaci\u00f3 de la fian\u00e7a del contracte davant Conselleria i entitat financera.<\/p>\n<p>Tramitar la domiciliaci\u00f3 dels consums d&#8217;aigua, llum i gas al compte corrent de l&#8217;arrendatari.<\/p>\n<p>Gestionar la relaci\u00f3 amb l&#8217;inquil\u00ed i resoldre tots els problemes que aquest puga plantejar durant la vig\u00e8ncia de l&#8217;arrendament (el cost de tota reparaci\u00f3 o reposici\u00f3 d&#8217;electrodom\u00e8stics ser\u00e0 assumit pel PROPIETARI).<\/p>\n<p>Relaci\u00f3 amb la comunitat de propietaris (assist\u00e8ncia a reunions de comunitat de propietaris, si \u00e9s necessari).<\/p>\n<p>Reclamaci\u00f3 inicial de pagament a l&#8217;arrendatari, en cas de retard o impagament de la renda de lloguer.[\/vc_toggle][g5plus_space desktop=&#8221;100&#8243; tablet=&#8221;80&#8243; tablet_portrait=&#8221;70&#8243; mobile_landscape=&#8221;60&#8243; mobile=&#8221;50&#8243;][\/vc_column][\/vc_row]<\/p>\n<\/div>","protected":false},"excerpt":{"rendered":"<p>[vc_row full_width=&#8221;stretch_row&#8221; css=&#8221;.vc_custom_1553173377694{padding-top: 370px !important;padding-bottom: 370px !important;background-image: url(http:\/\/www.cassana-inmobiliaria.com\/wp-content\/uploads\/2019\/03\/cassana_inmobiliaria_fondo_cabecera_servicios.jpg?id=9082) !important;background-position: center !important;background-repeat: no-repeat !important;background-size: cover !important;}&#8221;][vc_column][\/vc_column][\/vc_row][vc_row css=&#8221;.vc_custom_1563437196832{margin-top: 0px !important;padding-top: 90px !important;}&#8221;][vc_column width=&#8221;1\/12&#8243;][vc_single_image image=&#8221;9035&#8243;][\/vc_column][vc_column width=&#8221;11\/12&#8243;][vc_column_text] Mantenim productius i en forma els seus b\u00e9ns immobiliaris Hi ha massa immobles tancats a la Comunitat Valenciana. S\u00f3n habitatges heretats, inversions realitzades fa anys o pisos comprats per a facilitar la [&hellip;]<\/p>\n","protected":false},"author":1,"featured_media":0,"parent":0,"menu_order":0,"comment_status":"closed","ping_status":"closed","template":"","meta":{"footnotes":""},"class_list":["post-9283","page","type-page","status-publish","hentry"],"_links":{"self":[{"href":"https:\/\/www.cassana-inmobiliaria.com\/ca\/wp-json\/wp\/v2\/pages\/9283","targetHints":{"allow":["GET"]}}],"collection":[{"href":"https:\/\/www.cassana-inmobiliaria.com\/ca\/wp-json\/wp\/v2\/pages"}],"about":[{"href":"https:\/\/www.cassana-inmobiliaria.com\/ca\/wp-json\/wp\/v2\/types\/page"}],"author":[{"embeddable":true,"href":"https:\/\/www.cassana-inmobiliaria.com\/ca\/wp-json\/wp\/v2\/users\/1"}],"replies":[{"embeddable":true,"href":"https:\/\/www.cassana-inmobiliaria.com\/ca\/wp-json\/wp\/v2\/comments?post=9283"}],"version-history":[{"count":0,"href":"https:\/\/www.cassana-inmobiliaria.com\/ca\/wp-json\/wp\/v2\/pages\/9283\/revisions"}],"wp:attachment":[{"href":"https:\/\/www.cassana-inmobiliaria.com\/ca\/wp-json\/wp\/v2\/media?parent=9283"}],"curies":[{"name":"wp","href":"https:\/\/api.w.org\/{rel}","templated":true}]}}