{"id":9170,"date":"2019-05-10T10:55:51","date_gmt":"2019-05-10T10:55:51","guid":{"rendered":"http:\/\/www.cassana-inmobiliaria.com\/?page_id=9170"},"modified":"2019-07-18T18:25:03","modified_gmt":"2019-07-18T18:25:03","slug":"contact","status":"publish","type":"page","link":"https:\/\/www.cassana-inmobiliaria.com\/en\/contact\/","title":{"rendered":"Contact"},"content":{"rendered":"<div class=\"wpb-content-wrapper\"><p>[vc_row][vc_column][vc_raw_html]JTNDZGl2JTIwY2xhc3MlM0QlMjJlcmUtaGVhZGluZy1zdHlsZTIlMjIlMjBzdHlsZSUzRCUyMm1hcmdpbi1ib3R0b20lM0EwJTNCJTIyJTNFJTBBJTIwJTIwJTIwJTIwJTNDaDIlM0VXaGVyZSUyMHdlJTIwYXJlJTNDJTJGaDIlM0UlMEElM0MlMkZkaXYlM0U=[\/vc_raw_html][g5plus_google_map markers=&#8221;%5B%7B%22lat%22%3A%2239.470523%22%2C%22lng%22%3A%22-0.378870%22%2C%22title%22%3A%22Cassana%20Inmobiliaria%22%2C%22description%22%3A%22Calle%20En%20Sanz%205%2C%20pta%201.%2046001%20Val%C3%A8ncia%22%2C%22icon%22%3A%228867%22%7D%5D&#8221; map_height=&#8221;450px&#8221;][g5plus_space desktop=&#8221;30&#8243; tablet=&#8221;30&#8243; tablet_portrait=&#8221;30&#8243; mobile_landscape=&#8221;30&#8243; mobile=&#8221;30&#8243;][vc_raw_html]JTNDZGl2JTIwY2xhc3MlM0QlMjJjb250YWN0b19kaXJlY2Npb25fbGVmdCUyMiUzRSUzQ3NwYW4lMjBjbGFzcyUzRCUyMmZhJTIwZmEtbWFwLW1hcmtlciUyMiUzRSUzQyUyRnNwYW4lM0VDLiUyRiUyMEVuJTIwU2FueiUyQyUyMDUlMkMlMjBwdGElMjAxJTNDYnIlM0UlMEElM0NzcGFuJTIwY2xhc3MlM0QlMjJmb290ZXJfY3AlMjIlM0U0NjAwMSUyMFZhbCVDMyVBOG5jaWElM0MlMkZzcGFuJTNFJTNDJTJGZGl2JTNFJTBBJTNDZGl2JTIwY2xhc3MlM0QlMjJjb250YWN0b19kaXJlY2Npb25fcmlnaHQlMjIlM0UlM0NzcGFuJTIwY2xhc3MlM0QlMjJmYSUyMGZhLXBob25lJTIyJTNFJTNDJTJGc3BhbiUzRTk2MyUyMDgxNSUyMDg3MCUzQ2JyJTNFJTBBJTNDc3BhbiUyMGNsYXNzJTNEJTIyZmElMjBmYS1lbnZlbG9wZSUyMiUzRSUzQyUyRnNwYW4lM0VpbmZvJTQwY2Fzc2FuYS1pbm1vYmlsaWFyaWEuY29tJTNDJTJGZGl2JTNF[\/vc_raw_html][g5plus_space desktop=&#8221;80&#8243; tablet=&#8221;60&#8243; tablet_portrait=&#8221;60&#8243; mobile_landscape=&#8221;60&#8243; mobile=&#8221;60&#8243;][vc_raw_html]JTNDZGl2JTIwY2xhc3MlM0QlMjJ0aXR1bG9fcGFnaW5hX2ludCUyMiUzRSUwQSUwOSUwOSUwOSUzQ2gxJTIwY2xhc3MlM0QlMjJ0aXR1bGFyX3BhZ2luYSUyMiUzRUNvbnRhY3QlM0MlMkZoMSUzRSUwQSUwOSUwOSUzQyUyRmRpdiUzRQ==[\/vc_raw_html][g5plus_space desktop=&#8221;80&#8243; tablet=&#8221;60&#8243; tablet_portrait=&#8221;60&#8243; mobile_landscape=&#8221;60&#8243; mobile=&#8221;60&#8243;]\n<div class=\"wpcf7 no-js\" id=\"wpcf7-f10528-o1\" lang=\"es-ES\" dir=\"ltr\" data-wpcf7-id=\"10528\">\n<div class=\"screen-reader-response\"><p role=\"status\" aria-live=\"polite\" aria-atomic=\"true\"><\/p> <ul><\/ul><\/div>\n<form action=\"\/en\/wp-json\/wp\/v2\/pages\/9170#wpcf7-f10528-o1\" method=\"post\" class=\"wpcf7-form init\" aria-label=\"Formulario de contacto\" novalidate=\"novalidate\" data-status=\"init\">\n<fieldset class=\"hidden-fields-container\"><input type=\"hidden\" name=\"_wpcf7\" value=\"10528\" \/><input type=\"hidden\" name=\"_wpcf7_version\" value=\"6.1.4\" \/><input type=\"hidden\" name=\"_wpcf7_locale\" value=\"es_ES\" \/><input type=\"hidden\" name=\"_wpcf7_unit_tag\" value=\"wpcf7-f10528-o1\" \/><input type=\"hidden\" name=\"_wpcf7_container_post\" value=\"0\" \/><input type=\"hidden\" name=\"_wpcf7_posted_data_hash\" value=\"\" \/><input type=\"hidden\" name=\"_wpcf7_recaptcha_response\" value=\"\" \/>\n<\/fieldset>\n<div class=\"row contacto_foto\">\n\t<div class=\"agent-info col-sm-6 col-xs-12 xs-mg-bottom-30\">\n\t\t<div class=\"col-sm-12\">\n\t\t\t<div class=\"form-group\">\n\t\t\t\t<p><span class=\"wpcf7-form-control-wrap\" data-name=\"your-name\"><input size=\"40\" maxlength=\"400\" class=\"wpcf7-form-control wpcf7-text wpcf7-validates-as-required\" aria-required=\"true\" aria-invalid=\"false\" placeholder=\"Full Name*\" value=\"\" type=\"text\" name=\"your-name\" \/><\/span>\n\t\t\t\t<\/p>\n\t\t\t<\/div>\n\t\t<\/div>\n\t\t<div class=\"col-sm-12\">\n\t\t\t<div class=\"form-group\">\n\t\t\t\t<p><span class=\"wpcf7-form-control-wrap\" data-name=\"your-phone\"><input size=\"40\" maxlength=\"400\" class=\"wpcf7-form-control wpcf7-tel wpcf7-validates-as-required wpcf7-text wpcf7-validates-as-tel\" aria-required=\"true\" aria-invalid=\"false\" placeholder=\"Phone Number*\" value=\"\" type=\"tel\" name=\"your-phone\" \/><\/span>\n\t\t\t\t<\/p>\n\t\t\t<\/div>\n\t\t<\/div>\n\t\t<div class=\"col-sm-12\">\n\t\t\t<div class=\"form-group\">\n\t\t\t\t<p><span class=\"wpcf7-form-control-wrap\" data-name=\"your-mail\"><input size=\"40\" maxlength=\"400\" class=\"wpcf7-form-control wpcf7-email wpcf7-validates-as-required wpcf7-text wpcf7-validates-as-email\" aria-required=\"true\" aria-invalid=\"false\" placeholder=\"Email Adress*\" value=\"\" type=\"email\" name=\"your-mail\" \/><\/span>\n\t\t\t\t<\/p>\n\t\t\t<\/div>\n\t\t<\/div>\n\t\t<div class=\"col-sm-12\">\n\t\t\t<div class=\"form-group\">\n\t\t\t\t<p><span class=\"wpcf7-form-control-wrap\" data-name=\"your-message\"><textarea cols=\"40\" rows=\"14\" maxlength=\"2000\" class=\"wpcf7-form-control wpcf7-textarea\" aria-invalid=\"false\" placeholder=\"Message\" name=\"your-message\"><\/textarea><\/span>\n\t\t\t\t<\/p>\n\t\t\t<\/div>\n\t\t<\/div>\n\t\t<div class=\"col-sm-12\">\n\t\t\n\t\t<\/div>\n\t\t<div class=\"col-sm-12\" style=\"font-size: 10px; padding-bottom:10px;\">\n\t\t\t<p>De conformidad con lo que establece la legislaci\u00f3n vigente en materia de Protecci\u00f3n de Datos de Car\u00e1cter Personal, se le informa que los datos personales que nos facilite a trav\u00e9s de dicho formulario ser\u00e1n tratados por CASSANA GESTIO INMOBILIARIA S L, con la finalidad de gestionar su solicitud y enviarle informaci\u00f3n m\u00e1s detallada. Para m\u00e1s informaci\u00f3n consultar la <a href=\"https:\/\/www.cassana-inmobiliaria.com\/politica-de-privacidad\/\">pol\u00edtica de privacidad<\/a>.\n\t\t\t<\/p>\n\t\t<\/div>\n\t\t<div class=\"col-sm-12\">\n\t\t\t<p><span class=\"wpcf7-form-control-wrap\" data-name=\"legal\"><span class=\"wpcf7-form-control wpcf7-acceptance\"><span class=\"wpcf7-list-item\"><input type=\"checkbox\" name=\"legal\" value=\"1\" aria-invalid=\"false\" \/><\/span><\/span><\/span>\n\t\t\t<\/p>\n\t\t\t<p style=\"display: inline;font-size: 11px;\">He le\u00eddo y acepto la <a href=\"https:\/\/www.cassana-inmobiliaria.com\/politica-de-privacidad\/\" target=\"_blank\" title=\"pol\u00edtica de privacidad\">pol\u00edtica de privacidad<\/a> de CASSANA GESTIO INMOBILIARIA S L.\n\t\t\t<\/p>\n\t\t<\/div>\n\t\t<div class=\"col-sm-12\">\n\t\t\t<p style=\"display: inline;font-size: 11px;\">Estoy interesado en recibir publicidad\n\t\t\t<\/p>\n\t\t\t<p><span class=\"wpcf7-form-control-wrap\" data-name=\"publicidad\"><span class=\"wpcf7-form-control wpcf7-radio\"><span class=\"wpcf7-list-item first\"><span class=\"wpcf7-list-item-label\">Si<\/span><input type=\"radio\" name=\"publicidad\" value=\"Si\" checked=\"checked\" \/><\/span><span class=\"wpcf7-list-item last\"><span class=\"wpcf7-list-item-label\">No<\/span><input type=\"radio\" name=\"publicidad\" value=\"No\" \/><\/span><\/span><\/span>\n\t\t\t<\/p>\n\t\t<\/div>\n\t\t<div class=\"col-sm-12\">\n\t\t\t<p><button type=\"submit\" class=\"btn btn-lg btn-dark btn-classic btn-icon\" ><i class=\"fa fa-paper-plane\"><\/i><span>Send<\/span><\/button>\n\t\t\t<\/p>\n\t\t<\/div>\n\t<\/div>\n\t<div class=\"col-sm-6 col-xs-12 contact-agent\">\n\t\t<div class=\"agent-avatar\">\n\t\t\t<p><img decoding=\"async\" src=\"http:\/\/www.cassana-inmobiliaria.com\/wp-content\/uploads\/2019\/03\/cassana_foto_kali_contacto.jpg\" alt=\"Cassana Inmobiliaria\" title=\"Cassana Inmobiliaria\" \/><br \/>\n\t\t\t<\/p>\n\t\t<\/div>\n\t\t<div class=\"agent-content\">\n\t\t\t<div class=\"agent-heading\">\n\t\t\t\t<h4>Cassana Inmobiliaria\n\t\t\t\t<\/h4>\n\t\t\t\t<p><span class=\"fw-normal\">Especialistas en alquiler<\/span>\n\t\t\t\t<\/p>\n\t\t\t<\/div>\n\t\t\t<div class=\"agent-social\">\n\t\t\t<\/div>\n\t\t\t<div class=\"agent_info\">\n\t\t\t\t<div class=\"agent-address\">\n\t\t\t\t\t<p><i class=\"fa fa-map-marker\"><\/i><span>C.\/ En Sanz, 5, pta 1. 46001 Valencia<\/span>\n\t\t\t\t\t<\/p>\n\t\t\t\t<\/div>\n\t\t\t\t<div class=\"agent-email\">\n\t\t\t\t\t<p><i class=\"fa fa-envelope\"><\/i><span>info@cassana-inmobiliaria.com<\/span>\n\t\t\t\t\t<\/p>\n\t\t\t\t<\/div>\n\t\t\t\t<div class=\"agent-website\">\n\t\t\t\t\t<p><i class=\"fa fa-phone\"><\/i><span>Tel: 963 815 870<\/span>\n\t\t\t\t\t<\/p>\n\t\t\t\t<\/div>\n\t\t\t<\/div>\n\t\t<\/div>\n\t<\/div>\n<\/div><div class=\"wpcf7-response-output\" aria-hidden=\"true\"><\/div>\n<\/form>\n<\/div>\n[\/vc_column][\/vc_row]<\/p>\n<\/div>","protected":false},"excerpt":{"rendered":"<p>[vc_row][vc_column][vc_raw_html]JTNDZGl2JTIwY2xhc3MlM0QlMjJlcmUtaGVhZGluZy1zdHlsZTIlMjIlMjBzdHlsZSUzRCUyMm1hcmdpbi1ib3R0b20lM0EwJTNCJTIyJTNFJTBBJTIwJTIwJTIwJTIwJTNDaDIlM0VXaGVyZSUyMHdlJTIwYXJlJTNDJTJGaDIlM0UlMEElM0MlMkZkaXYlM0U=[\/vc_raw_html][g5plus_google_map markers=&#8221;%5B%7B%22lat%22%3A%2239.470523%22%2C%22lng%22%3A%22-0.378870%22%2C%22title%22%3A%22Cassana%20Inmobiliaria%22%2C%22description%22%3A%22Calle%20En%20Sanz%205%2C%20pta%201.%2046001%20Val%C3%A8ncia%22%2C%22icon%22%3A%228867%22%7D%5D&#8221; map_height=&#8221;450px&#8221;][g5plus_space desktop=&#8221;30&#8243; tablet=&#8221;30&#8243; tablet_portrait=&#8221;30&#8243; mobile_landscape=&#8221;30&#8243; mobile=&#8221;30&#8243;][vc_raw_html]JTNDZGl2JTIwY2xhc3MlM0QlMjJjb250YWN0b19kaXJlY2Npb25fbGVmdCUyMiUzRSUzQ3NwYW4lMjBjbGFzcyUzRCUyMmZhJTIwZmEtbWFwLW1hcmtlciUyMiUzRSUzQyUyRnNwYW4lM0VDLiUyRiUyMEVuJTIwU2FueiUyQyUyMDUlMkMlMjBwdGElMjAxJTNDYnIlM0UlMEElM0NzcGFuJTIwY2xhc3MlM0QlMjJmb290ZXJfY3AlMjIlM0U0NjAwMSUyMFZhbCVDMyVBOG5jaWElM0MlMkZzcGFuJTNFJTNDJTJGZGl2JTNFJTBBJTNDZGl2JTIwY2xhc3MlM0QlMjJjb250YWN0b19kaXJlY2Npb25fcmlnaHQlMjIlM0UlM0NzcGFuJTIwY2xhc3MlM0QlMjJmYSUyMGZhLXBob25lJTIyJTNFJTNDJTJGc3BhbiUzRTk2MyUyMDgxNSUyMDg3MCUzQ2JyJTNFJTBBJTNDc3BhbiUyMGNsYXNzJTNEJTIyZmElMjBmYS1lbnZlbG9wZSUyMiUzRSUzQyUyRnNwYW4lM0VpbmZvJTQwY2Fzc2FuYS1pbm1vYmlsaWFyaWEuY29tJTNDJTJGZGl2JTNF[\/vc_raw_html][g5plus_space desktop=&#8221;80&#8243; tablet=&#8221;60&#8243; tablet_portrait=&#8221;60&#8243; mobile_landscape=&#8221;60&#8243; mobile=&#8221;60&#8243;][vc_raw_html]JTNDZGl2JTIwY2xhc3MlM0QlMjJ0aXR1bG9fcGFnaW5hX2ludCUyMiUzRSUwQSUwOSUwOSUwOSUzQ2gxJTIwY2xhc3MlM0QlMjJ0aXR1bGFyX3BhZ2luYSUyMiUzRUNvbnRhY3QlM0MlMkZoMSUzRSUwQSUwOSUwOSUzQyUyRmRpdiUzRQ==[\/vc_raw_html][g5plus_space desktop=&#8221;80&#8243; tablet=&#8221;60&#8243; tablet_portrait=&#8221;60&#8243; mobile_landscape=&#8221;60&#8243; mobile=&#8221;60&#8243;][\/vc_column][\/vc_row]<\/p>\n","protected":false},"author":1,"featured_media":0,"parent":0,"menu_order":0,"comment_status":"closed","ping_status":"closed","template":"","meta":{"footnotes":""},"class_list":["post-9170","page","type-page","status-publish","hentry"],"_links":{"self":[{"href":"https:\/\/www.cassana-inmobiliaria.com\/en\/wp-json\/wp\/v2\/pages\/9170","targetHints":{"allow":["GET"]}}],"collection":[{"href":"https:\/\/www.cassana-inmobiliaria.com\/en\/wp-json\/wp\/v2\/pages"}],"about":[{"href":"https:\/\/www.cassana-inmobiliaria.com\/en\/wp-json\/wp\/v2\/types\/page"}],"author":[{"embeddable":true,"href":"https:\/\/www.cassana-inmobiliaria.com\/en\/wp-json\/wp\/v2\/users\/1"}],"replies":[{"embeddable":true,"href":"https:\/\/www.cassana-inmobiliaria.com\/en\/wp-json\/wp\/v2\/comments?post=9170"}],"version-history":[{"count":0,"href":"https:\/\/www.cassana-inmobiliaria.com\/en\/wp-json\/wp\/v2\/pages\/9170\/revisions"}],"wp:attachment":[{"href":"https:\/\/www.cassana-inmobiliaria.com\/en\/wp-json\/wp\/v2\/media?parent=9170"}],"curies":[{"name":"wp","href":"https:\/\/api.w.org\/{rel}","templated":true}]}}